{"id":136,"date":"2022-05-22T20:42:07","date_gmt":"2022-05-22T20:42:07","guid":{"rendered":"https:\/\/vitiguru.ch\/?page_id=136"},"modified":"2024-04-14T06:51:41","modified_gmt":"2024-04-14T06:51:41","slug":"vigneti","status":"publish","type":"page","link":"https:\/\/vitiguru.ch\/?page_id=136","title":{"rendered":"Vigneti"},"content":{"rendered":"<p class=\"p1\"><span class=\"s1\">In Valle Maggia, soprattutto tra Ronchini e Someo, ci sono ancora diversi vigneti tradizionali sviluppati su pergole e filari con i tipici c\u00e0rasc in sasso, posizionati in vigneti terrazzati ai piedi dei versanti. La loro superficie totale \u00e8 di circa 2ha. <\/span><\/p>\n<p class=\"p1\"><span class=\"s1\">Per una viticoltura pi\u00f9 sostenibile, l\u2019azienda vitiguru.ch gestisce principalmente vitigni interspecifici, pi\u00f9 resistenti alle malattie. Dal 2023 \u00e8 iniziato il processo di conversione di azienda tradizionale in biologica.<\/span><\/p>\n<p class=\"p1\"><span class=\"s1\">La vinificazione \u00e8 effettuata in collaborazione presso l\u2019azienda agricola Scarp.ch di Semione, Serravalle.<\/span><\/p>\n<p class=\"p1\"><span class=\"s1\">Variet\u00e0 bianche:<\/span><\/p>\n<p class=\"p1\"><span class=\"s1\">Cabernet Blanc, Johanniter, Americana Isabella Bianca<\/span><\/p>\n<p class=\"p1\"><span class=\"s1\">Variet\u00e0 rosse:<\/span><\/p>\n<p class=\"p1\"><span class=\"s1\">Merlot, Cabernet Jura, Cabernet Marechal Foch, Chambourcin, Regent, Americana Isabella Rossa<\/span><\/p>\n<p class=\"p1\"><span class=\"s1\">vini:<\/span><\/p>\n<p class=\"p1\"><span class=\"s1\">Selva Bianca da Gi\u00fcmai (bianco IGT)<\/span><\/p>\n<p class=\"p1\"><span class=\"s1\">La Miriam (Bianco del Ticino DOC)<\/span><\/p>\n<p class=\"p1\"><span class=\"s1\">ul Gili (Rosato del Ticino) DOC<\/span><\/p>\n<p class=\"p1\"><span class=\"s1\">Cabernet Jura (Rosso IGT) <\/span><\/p>\n<p class=\"p1\"><span class=\"s1\">Al Ross da M\u00e0gia (Rosso<span class=\"Apple-converted-space\">\u00a0 <\/span>IGT)<\/span><\/p>\n\n\n<div class=\"wp-block-group\"><div class=\"wp-block-group__inner-container is-layout-constrained wp-block-group-is-layout-constrained\">\n<figure class=\"wp-block-image size-full is-resized\"><img loading=\"lazy\" decoding=\"async\" width=\"612\" height=\"328\" src=\"https:\/\/vitiguru.ch\/wp-content\/uploads\/2023\/05\/MT-Logo-orizzontale-da-25mm.png\" alt=\"\" class=\"wp-image-228\" style=\"width:176px;height:94px\" srcset=\"https:\/\/vitiguru.ch\/wp-content\/uploads\/2023\/05\/MT-Logo-orizzontale-da-25mm.png 612w, https:\/\/vitiguru.ch\/wp-content\/uploads\/2023\/05\/MT-Logo-orizzontale-da-25mm-300x161.png 300w\" sizes=\"auto, (max-width: 612px) 100vw, 612px\" \/><\/figure>\n<\/div><\/div>\n\n\n\n<figure class=\"wp-block-image size-large is-resized\"><img loading=\"lazy\" decoding=\"async\" width=\"1024\" height=\"724\" src=\"https:\/\/vitiguru.ch\/wp-content\/uploads\/2024\/04\/IMG_2737-1-1024x724.jpeg\" alt=\"\" class=\"wp-image-253\" style=\"width:668px;height:473px\" srcset=\"https:\/\/vitiguru.ch\/wp-content\/uploads\/2024\/04\/IMG_2737-1-1024x724.jpeg 1024w, https:\/\/vitiguru.ch\/wp-content\/uploads\/2024\/04\/IMG_2737-1-300x212.jpeg 300w, https:\/\/vitiguru.ch\/wp-content\/uploads\/2024\/04\/IMG_2737-1-768x543.jpeg 768w, https:\/\/vitiguru.ch\/wp-content\/uploads\/2024\/04\/IMG_2737-1-1536x1086.jpeg 1536w, https:\/\/vitiguru.ch\/wp-content\/uploads\/2024\/04\/IMG_2737-1-2048x1449.jpeg 2048w\" sizes=\"auto, (max-width: 767px) 89vw, (max-width: 1000px) 54vw, (max-width: 1071px) 543px, 580px\" \/><\/figure>\n\n\n\n<figure class=\"wp-block-gallery has-nested-images columns-default is-cropped wp-block-gallery-1 is-layout-flex wp-block-gallery-is-layout-flex\">\n<figure class=\"wp-block-image size-large\"><img loading=\"lazy\" decoding=\"async\" width=\"2048\" height=\"1536\" data-id=\"177\" src=\"https:\/\/vitiguru.ch\/wp-content\/uploads\/2022\/05\/2D2CC965-6416-4002-9237-9A8E864DC0CA.jpeg\" alt=\"\" class=\"wp-image-177\" srcset=\"https:\/\/vitiguru.ch\/wp-content\/uploads\/2022\/05\/2D2CC965-6416-4002-9237-9A8E864DC0CA.jpeg 2048w, https:\/\/vitiguru.ch\/wp-content\/uploads\/2022\/05\/2D2CC965-6416-4002-9237-9A8E864DC0CA-300x225.jpeg 300w, https:\/\/vitiguru.ch\/wp-content\/uploads\/2022\/05\/2D2CC965-6416-4002-9237-9A8E864DC0CA-1024x768.jpeg 1024w, https:\/\/vitiguru.ch\/wp-content\/uploads\/2022\/05\/2D2CC965-6416-4002-9237-9A8E864DC0CA-768x576.jpeg 768w, https:\/\/vitiguru.ch\/wp-content\/uploads\/2022\/05\/2D2CC965-6416-4002-9237-9A8E864DC0CA-1536x1152.jpeg 1536w\" sizes=\"auto, (max-width: 767px) 89vw, (max-width: 1000px) 54vw, (max-width: 1071px) 543px, 580px\" \/><\/figure>\n\n\n\n<figure class=\"wp-block-image size-large\"><img loading=\"lazy\" decoding=\"async\" width=\"1024\" height=\"768\" data-id=\"184\" src=\"https:\/\/vitiguru.ch\/wp-content\/uploads\/2022\/05\/20673108-46ED-461B-BB65-361CED124434-1024x768.jpeg\" alt=\"\" class=\"wp-image-184\" srcset=\"https:\/\/vitiguru.ch\/wp-content\/uploads\/2022\/05\/20673108-46ED-461B-BB65-361CED124434-1024x768.jpeg 1024w, https:\/\/vitiguru.ch\/wp-content\/uploads\/2022\/05\/20673108-46ED-461B-BB65-361CED124434-300x225.jpeg 300w, https:\/\/vitiguru.ch\/wp-content\/uploads\/2022\/05\/20673108-46ED-461B-BB65-361CED124434-768x576.jpeg 768w, https:\/\/vitiguru.ch\/wp-content\/uploads\/2022\/05\/20673108-46ED-461B-BB65-361CED124434-1536x1152.jpeg 1536w, https:\/\/vitiguru.ch\/wp-content\/uploads\/2022\/05\/20673108-46ED-461B-BB65-361CED124434-2048x1536.jpeg 2048w\" sizes=\"auto, (max-width: 767px) 89vw, (max-width: 1000px) 54vw, (max-width: 1071px) 543px, 580px\" \/><\/figure>\n\n\n\n<figure class=\"wp-block-image size-large\"><img loading=\"lazy\" decoding=\"async\" width=\"2048\" height=\"1536\" data-id=\"176\" src=\"https:\/\/vitiguru.ch\/wp-content\/uploads\/2022\/05\/B28846FC-36E5-41C2-AEDC-8CCA263410B8.jpeg\" alt=\"\" class=\"wp-image-176\" srcset=\"https:\/\/vitiguru.ch\/wp-content\/uploads\/2022\/05\/B28846FC-36E5-41C2-AEDC-8CCA263410B8.jpeg 2048w, https:\/\/vitiguru.ch\/wp-content\/uploads\/2022\/05\/B28846FC-36E5-41C2-AEDC-8CCA263410B8-300x225.jpeg 300w, https:\/\/vitiguru.ch\/wp-content\/uploads\/2022\/05\/B28846FC-36E5-41C2-AEDC-8CCA263410B8-1024x768.jpeg 1024w, https:\/\/vitiguru.ch\/wp-content\/uploads\/2022\/05\/B28846FC-36E5-41C2-AEDC-8CCA263410B8-768x576.jpeg 768w, https:\/\/vitiguru.ch\/wp-content\/uploads\/2022\/05\/B28846FC-36E5-41C2-AEDC-8CCA263410B8-1536x1152.jpeg 1536w\" sizes=\"auto, (max-width: 767px) 89vw, (max-width: 1000px) 54vw, (max-width: 1071px) 543px, 580px\" \/><\/figure>\n\n\n\n<figure class=\"wp-block-image size-large\"><img loading=\"lazy\" decoding=\"async\" width=\"2066\" height=\"1536\" data-id=\"174\" src=\"https:\/\/vitiguru.ch\/wp-content\/uploads\/2022\/05\/5A4D3BE8-17DA-4BDE-B056-D6092B8EC255.jpeg\" alt=\"\" class=\"wp-image-174\" srcset=\"https:\/\/vitiguru.ch\/wp-content\/uploads\/2022\/05\/5A4D3BE8-17DA-4BDE-B056-D6092B8EC255.jpeg 2066w, https:\/\/vitiguru.ch\/wp-content\/uploads\/2022\/05\/5A4D3BE8-17DA-4BDE-B056-D6092B8EC255-300x223.jpeg 300w, https:\/\/vitiguru.ch\/wp-content\/uploads\/2022\/05\/5A4D3BE8-17DA-4BDE-B056-D6092B8EC255-1024x761.jpeg 1024w, https:\/\/vitiguru.ch\/wp-content\/uploads\/2022\/05\/5A4D3BE8-17DA-4BDE-B056-D6092B8EC255-768x571.jpeg 768w, https:\/\/vitiguru.ch\/wp-content\/uploads\/2022\/05\/5A4D3BE8-17DA-4BDE-B056-D6092B8EC255-1536x1142.jpeg 1536w, https:\/\/vitiguru.ch\/wp-content\/uploads\/2022\/05\/5A4D3BE8-17DA-4BDE-B056-D6092B8EC255-2048x1523.jpeg 2048w\" sizes=\"auto, (max-width: 767px) 89vw, (max-width: 1000px) 54vw, (max-width: 1071px) 543px, 580px\" \/><\/figure>\n\n\n\n<figure class=\"wp-block-image size-large\"><img loading=\"lazy\" decoding=\"async\" width=\"1536\" height=\"2049\" data-id=\"173\" src=\"https:\/\/vitiguru.ch\/wp-content\/uploads\/2022\/05\/8EED220C-0757-41B5-A19F-48D9FE00C8D4.jpeg\" alt=\"\" class=\"wp-image-173\" srcset=\"https:\/\/vitiguru.ch\/wp-content\/uploads\/2022\/05\/8EED220C-0757-41B5-A19F-48D9FE00C8D4.jpeg 1536w, https:\/\/vitiguru.ch\/wp-content\/uploads\/2022\/05\/8EED220C-0757-41B5-A19F-48D9FE00C8D4-225x300.jpeg 225w, https:\/\/vitiguru.ch\/wp-content\/uploads\/2022\/05\/8EED220C-0757-41B5-A19F-48D9FE00C8D4-768x1025.jpeg 768w, https:\/\/vitiguru.ch\/wp-content\/uploads\/2022\/05\/8EED220C-0757-41B5-A19F-48D9FE00C8D4-1151x1536.jpeg 1151w\" sizes=\"auto, (max-width: 767px) 89vw, (max-width: 1000px) 54vw, (max-width: 1071px) 543px, 580px\" \/><\/figure>\n\n\n\n<figure class=\"wp-block-image size-large\"><img loading=\"lazy\" decoding=\"async\" width=\"1536\" height=\"2049\" data-id=\"172\" src=\"https:\/\/vitiguru.ch\/wp-content\/uploads\/2022\/05\/CC3493F3-E719-4111-9DC6-673581A609C2.jpeg\" alt=\"\" class=\"wp-image-172\" srcset=\"https:\/\/vitiguru.ch\/wp-content\/uploads\/2022\/05\/CC3493F3-E719-4111-9DC6-673581A609C2.jpeg 1536w, https:\/\/vitiguru.ch\/wp-content\/uploads\/2022\/05\/CC3493F3-E719-4111-9DC6-673581A609C2-225x300.jpeg 225w, https:\/\/vitiguru.ch\/wp-content\/uploads\/2022\/05\/CC3493F3-E719-4111-9DC6-673581A609C2-768x1025.jpeg 768w, https:\/\/vitiguru.ch\/wp-content\/uploads\/2022\/05\/CC3493F3-E719-4111-9DC6-673581A609C2-1151x1536.jpeg 1151w\" sizes=\"auto, (max-width: 767px) 89vw, (max-width: 1000px) 54vw, (max-width: 1071px) 543px, 580px\" \/><\/figure>\n\n\n\n<figure class=\"wp-block-image size-large\"><img loading=\"lazy\" decoding=\"async\" width=\"2049\" height=\"1536\" data-id=\"171\" src=\"https:\/\/vitiguru.ch\/wp-content\/uploads\/2022\/05\/B11EC136-050E-429F-B96F-07461FCD96C1.jpeg\" alt=\"\" class=\"wp-image-171\" srcset=\"https:\/\/vitiguru.ch\/wp-content\/uploads\/2022\/05\/B11EC136-050E-429F-B96F-07461FCD96C1.jpeg 2049w, https:\/\/vitiguru.ch\/wp-content\/uploads\/2022\/05\/B11EC136-050E-429F-B96F-07461FCD96C1-300x225.jpeg 300w, https:\/\/vitiguru.ch\/wp-content\/uploads\/2022\/05\/B11EC136-050E-429F-B96F-07461FCD96C1-1024x768.jpeg 1024w, https:\/\/vitiguru.ch\/wp-content\/uploads\/2022\/05\/B11EC136-050E-429F-B96F-07461FCD96C1-768x576.jpeg 768w, https:\/\/vitiguru.ch\/wp-content\/uploads\/2022\/05\/B11EC136-050E-429F-B96F-07461FCD96C1-1536x1151.jpeg 1536w\" sizes=\"auto, (max-width: 767px) 89vw, (max-width: 1000px) 54vw, (max-width: 1071px) 543px, 580px\" \/><\/figure>\n\n\n\n<figure class=\"wp-block-image size-large\"><img loading=\"lazy\" decoding=\"async\" width=\"1536\" height=\"2049\" data-id=\"170\" src=\"https:\/\/vitiguru.ch\/wp-content\/uploads\/2022\/05\/95B53F81-BCCB-44AD-87EE-210C547FE82C.jpeg\" alt=\"\" class=\"wp-image-170\" srcset=\"https:\/\/vitiguru.ch\/wp-content\/uploads\/2022\/05\/95B53F81-BCCB-44AD-87EE-210C547FE82C.jpeg 1536w, https:\/\/vitiguru.ch\/wp-content\/uploads\/2022\/05\/95B53F81-BCCB-44AD-87EE-210C547FE82C-225x300.jpeg 225w, https:\/\/vitiguru.ch\/wp-content\/uploads\/2022\/05\/95B53F81-BCCB-44AD-87EE-210C547FE82C-768x1025.jpeg 768w, https:\/\/vitiguru.ch\/wp-content\/uploads\/2022\/05\/95B53F81-BCCB-44AD-87EE-210C547FE82C-1151x1536.jpeg 1151w\" sizes=\"auto, (max-width: 767px) 89vw, (max-width: 1000px) 54vw, (max-width: 1071px) 543px, 580px\" \/><\/figure>\n\n\n\n<figure class=\"wp-block-image size-large\"><img loading=\"lazy\" decoding=\"async\" width=\"2049\" height=\"1536\" data-id=\"169\" src=\"https:\/\/vitiguru.ch\/wp-content\/uploads\/2022\/05\/33238E9B-7059-4CE8-B313-1FC264E72EAD.jpeg\" alt=\"\" class=\"wp-image-169\" srcset=\"https:\/\/vitiguru.ch\/wp-content\/uploads\/2022\/05\/33238E9B-7059-4CE8-B313-1FC264E72EAD.jpeg 2049w, https:\/\/vitiguru.ch\/wp-content\/uploads\/2022\/05\/33238E9B-7059-4CE8-B313-1FC264E72EAD-300x225.jpeg 300w, https:\/\/vitiguru.ch\/wp-content\/uploads\/2022\/05\/33238E9B-7059-4CE8-B313-1FC264E72EAD-1024x768.jpeg 1024w, https:\/\/vitiguru.ch\/wp-content\/uploads\/2022\/05\/33238E9B-7059-4CE8-B313-1FC264E72EAD-768x576.jpeg 768w, https:\/\/vitiguru.ch\/wp-content\/uploads\/2022\/05\/33238E9B-7059-4CE8-B313-1FC264E72EAD-1536x1151.jpeg 1536w\" sizes=\"auto, (max-width: 767px) 89vw, (max-width: 1000px) 54vw, (max-width: 1071px) 543px, 580px\" \/><\/figure>\n\n\n\n<figure class=\"wp-block-image size-large\"><img loading=\"lazy\" decoding=\"async\" width=\"2049\" height=\"1536\" data-id=\"168\" src=\"https:\/\/vitiguru.ch\/wp-content\/uploads\/2022\/05\/9ECB7785-9DF3-4D11-B721-0008D6D03F97.jpeg\" alt=\"\" class=\"wp-image-168\" srcset=\"https:\/\/vitiguru.ch\/wp-content\/uploads\/2022\/05\/9ECB7785-9DF3-4D11-B721-0008D6D03F97.jpeg 2049w, https:\/\/vitiguru.ch\/wp-content\/uploads\/2022\/05\/9ECB7785-9DF3-4D11-B721-0008D6D03F97-300x225.jpeg 300w, https:\/\/vitiguru.ch\/wp-content\/uploads\/2022\/05\/9ECB7785-9DF3-4D11-B721-0008D6D03F97-1024x768.jpeg 1024w, https:\/\/vitiguru.ch\/wp-content\/uploads\/2022\/05\/9ECB7785-9DF3-4D11-B721-0008D6D03F97-768x576.jpeg 768w, https:\/\/vitiguru.ch\/wp-content\/uploads\/2022\/05\/9ECB7785-9DF3-4D11-B721-0008D6D03F97-1536x1151.jpeg 1536w\" sizes=\"auto, (max-width: 767px) 89vw, (max-width: 1000px) 54vw, (max-width: 1071px) 543px, 580px\" \/><\/figure>\n\n\n\n<figure class=\"wp-block-image size-large\"><img loading=\"lazy\" decoding=\"async\" width=\"2049\" height=\"1536\" data-id=\"167\" src=\"https:\/\/vitiguru.ch\/wp-content\/uploads\/2022\/05\/380FF550-C1C0-4A25-97CE-5A73AE821D99.jpeg\" alt=\"\" class=\"wp-image-167\" srcset=\"https:\/\/vitiguru.ch\/wp-content\/uploads\/2022\/05\/380FF550-C1C0-4A25-97CE-5A73AE821D99.jpeg 2049w, https:\/\/vitiguru.ch\/wp-content\/uploads\/2022\/05\/380FF550-C1C0-4A25-97CE-5A73AE821D99-300x225.jpeg 300w, https:\/\/vitiguru.ch\/wp-content\/uploads\/2022\/05\/380FF550-C1C0-4A25-97CE-5A73AE821D99-1024x768.jpeg 1024w, https:\/\/vitiguru.ch\/wp-content\/uploads\/2022\/05\/380FF550-C1C0-4A25-97CE-5A73AE821D99-768x576.jpeg 768w, https:\/\/vitiguru.ch\/wp-content\/uploads\/2022\/05\/380FF550-C1C0-4A25-97CE-5A73AE821D99-1536x1151.jpeg 1536w\" sizes=\"auto, (max-width: 767px) 89vw, (max-width: 1000px) 54vw, (max-width: 1071px) 543px, 580px\" \/><\/figure>\n\n\n\n<figure class=\"wp-block-image size-large\"><img loading=\"lazy\" decoding=\"async\" width=\"2049\" height=\"1536\" data-id=\"166\" src=\"https:\/\/vitiguru.ch\/wp-content\/uploads\/2022\/05\/A0EEAFE8-12DB-4B0B-A77A-9F73500596E0.jpeg\" alt=\"\" class=\"wp-image-166\" srcset=\"https:\/\/vitiguru.ch\/wp-content\/uploads\/2022\/05\/A0EEAFE8-12DB-4B0B-A77A-9F73500596E0.jpeg 2049w, https:\/\/vitiguru.ch\/wp-content\/uploads\/2022\/05\/A0EEAFE8-12DB-4B0B-A77A-9F73500596E0-300x225.jpeg 300w, https:\/\/vitiguru.ch\/wp-content\/uploads\/2022\/05\/A0EEAFE8-12DB-4B0B-A77A-9F73500596E0-1024x768.jpeg 1024w, https:\/\/vitiguru.ch\/wp-content\/uploads\/2022\/05\/A0EEAFE8-12DB-4B0B-A77A-9F73500596E0-768x576.jpeg 768w, https:\/\/vitiguru.ch\/wp-content\/uploads\/2022\/05\/A0EEAFE8-12DB-4B0B-A77A-9F73500596E0-1536x1151.jpeg 1536w\" sizes=\"auto, (max-width: 767px) 89vw, (max-width: 1000px) 54vw, (max-width: 1071px) 543px, 580px\" \/><\/figure>\n\n\n\n<figure class=\"wp-block-image size-large\"><img loading=\"lazy\" decoding=\"async\" width=\"1536\" height=\"2049\" data-id=\"165\" src=\"https:\/\/vitiguru.ch\/wp-content\/uploads\/2022\/05\/8AB9CF36-C42D-4787-8C89-9270D83F9549.jpeg\" alt=\"\" class=\"wp-image-165\" srcset=\"https:\/\/vitiguru.ch\/wp-content\/uploads\/2022\/05\/8AB9CF36-C42D-4787-8C89-9270D83F9549.jpeg 1536w, https:\/\/vitiguru.ch\/wp-content\/uploads\/2022\/05\/8AB9CF36-C42D-4787-8C89-9270D83F9549-225x300.jpeg 225w, https:\/\/vitiguru.ch\/wp-content\/uploads\/2022\/05\/8AB9CF36-C42D-4787-8C89-9270D83F9549-768x1025.jpeg 768w, https:\/\/vitiguru.ch\/wp-content\/uploads\/2022\/05\/8AB9CF36-C42D-4787-8C89-9270D83F9549-1151x1536.jpeg 1151w\" sizes=\"auto, (max-width: 767px) 89vw, (max-width: 1000px) 54vw, (max-width: 1071px) 543px, 580px\" \/><\/figure>\n\n\n\n<figure class=\"wp-block-image size-large\"><img loading=\"lazy\" decoding=\"async\" width=\"1536\" height=\"2049\" data-id=\"164\" src=\"https:\/\/vitiguru.ch\/wp-content\/uploads\/2022\/05\/E52DDBAB-8877-45DD-BA4A-63E42B6BF4D8.jpeg\" alt=\"\" class=\"wp-image-164\" srcset=\"https:\/\/vitiguru.ch\/wp-content\/uploads\/2022\/05\/E52DDBAB-8877-45DD-BA4A-63E42B6BF4D8.jpeg 1536w, https:\/\/vitiguru.ch\/wp-content\/uploads\/2022\/05\/E52DDBAB-8877-45DD-BA4A-63E42B6BF4D8-225x300.jpeg 225w, https:\/\/vitiguru.ch\/wp-content\/uploads\/2022\/05\/E52DDBAB-8877-45DD-BA4A-63E42B6BF4D8-768x1025.jpeg 768w, https:\/\/vitiguru.ch\/wp-content\/uploads\/2022\/05\/E52DDBAB-8877-45DD-BA4A-63E42B6BF4D8-1151x1536.jpeg 1151w\" sizes=\"auto, (max-width: 767px) 89vw, (max-width: 1000px) 54vw, (max-width: 1071px) 543px, 580px\" \/><\/figure>\n\n\n\n<figure class=\"wp-block-image size-large\"><img loading=\"lazy\" decoding=\"async\" width=\"2049\" height=\"1536\" data-id=\"163\" src=\"https:\/\/vitiguru.ch\/wp-content\/uploads\/2022\/05\/7D878D86-43E9-44AE-B8E3-68C183389176.jpeg\" alt=\"\" class=\"wp-image-163\" srcset=\"https:\/\/vitiguru.ch\/wp-content\/uploads\/2022\/05\/7D878D86-43E9-44AE-B8E3-68C183389176.jpeg 2049w, https:\/\/vitiguru.ch\/wp-content\/uploads\/2022\/05\/7D878D86-43E9-44AE-B8E3-68C183389176-300x225.jpeg 300w, https:\/\/vitiguru.ch\/wp-content\/uploads\/2022\/05\/7D878D86-43E9-44AE-B8E3-68C183389176-1024x768.jpeg 1024w, https:\/\/vitiguru.ch\/wp-content\/uploads\/2022\/05\/7D878D86-43E9-44AE-B8E3-68C183389176-768x576.jpeg 768w, https:\/\/vitiguru.ch\/wp-content\/uploads\/2022\/05\/7D878D86-43E9-44AE-B8E3-68C183389176-1536x1151.jpeg 1536w\" sizes=\"auto, (max-width: 767px) 89vw, (max-width: 1000px) 54vw, (max-width: 1071px) 543px, 580px\" \/><\/figure>\n\n\n\n<figure class=\"wp-block-image size-large\"><img loading=\"lazy\" decoding=\"async\" width=\"2049\" height=\"1536\" data-id=\"162\" src=\"https:\/\/vitiguru.ch\/wp-content\/uploads\/2022\/05\/BFFF0369-5188-4318-BF49-E1DA6ADA8AB5.jpeg\" alt=\"\" class=\"wp-image-162\" srcset=\"https:\/\/vitiguru.ch\/wp-content\/uploads\/2022\/05\/BFFF0369-5188-4318-BF49-E1DA6ADA8AB5.jpeg 2049w, https:\/\/vitiguru.ch\/wp-content\/uploads\/2022\/05\/BFFF0369-5188-4318-BF49-E1DA6ADA8AB5-300x225.jpeg 300w, https:\/\/vitiguru.ch\/wp-content\/uploads\/2022\/05\/BFFF0369-5188-4318-BF49-E1DA6ADA8AB5-1024x768.jpeg 1024w, https:\/\/vitiguru.ch\/wp-content\/uploads\/2022\/05\/BFFF0369-5188-4318-BF49-E1DA6ADA8AB5-768x576.jpeg 768w, https:\/\/vitiguru.ch\/wp-content\/uploads\/2022\/05\/BFFF0369-5188-4318-BF49-E1DA6ADA8AB5-1536x1151.jpeg 1536w\" sizes=\"auto, (max-width: 767px) 89vw, (max-width: 1000px) 54vw, (max-width: 1071px) 543px, 580px\" \/><\/figure>\n\n\n\n<figure class=\"wp-block-image size-large is-style-default\"><img loading=\"lazy\" decoding=\"async\" width=\"1024\" height=\"768\" data-id=\"185\" src=\"https:\/\/vitiguru.ch\/wp-content\/uploads\/2022\/05\/F8078FB6-3CBF-4D7E-972C-5765E619694F-1024x768.jpeg\" alt=\"\" class=\"wp-image-185\" srcset=\"https:\/\/vitiguru.ch\/wp-content\/uploads\/2022\/05\/F8078FB6-3CBF-4D7E-972C-5765E619694F-1024x768.jpeg 1024w, https:\/\/vitiguru.ch\/wp-content\/uploads\/2022\/05\/F8078FB6-3CBF-4D7E-972C-5765E619694F-300x225.jpeg 300w, https:\/\/vitiguru.ch\/wp-content\/uploads\/2022\/05\/F8078FB6-3CBF-4D7E-972C-5765E619694F-768x576.jpeg 768w, https:\/\/vitiguru.ch\/wp-content\/uploads\/2022\/05\/F8078FB6-3CBF-4D7E-972C-5765E619694F-1536x1152.jpeg 1536w, https:\/\/vitiguru.ch\/wp-content\/uploads\/2022\/05\/F8078FB6-3CBF-4D7E-972C-5765E619694F-2048x1536.jpeg 2048w\" sizes=\"auto, (max-width: 767px) 89vw, (max-width: 1000px) 54vw, (max-width: 1071px) 543px, 580px\" \/><\/figure>\n\n\n\n<figure class=\"wp-block-image size-large\"><img loading=\"lazy\" decoding=\"async\" width=\"1536\" height=\"2049\" data-id=\"160\" src=\"https:\/\/vitiguru.ch\/wp-content\/uploads\/2022\/05\/5DB0311E-DD09-4ADC-BF81-24120FEB920E.jpeg\" alt=\"\" class=\"wp-image-160\" srcset=\"https:\/\/vitiguru.ch\/wp-content\/uploads\/2022\/05\/5DB0311E-DD09-4ADC-BF81-24120FEB920E.jpeg 1536w, https:\/\/vitiguru.ch\/wp-content\/uploads\/2022\/05\/5DB0311E-DD09-4ADC-BF81-24120FEB920E-225x300.jpeg 225w, https:\/\/vitiguru.ch\/wp-content\/uploads\/2022\/05\/5DB0311E-DD09-4ADC-BF81-24120FEB920E-768x1025.jpeg 768w, https:\/\/vitiguru.ch\/wp-content\/uploads\/2022\/05\/5DB0311E-DD09-4ADC-BF81-24120FEB920E-1151x1536.jpeg 1151w\" sizes=\"auto, (max-width: 767px) 89vw, (max-width: 1000px) 54vw, (max-width: 1071px) 543px, 580px\" \/><\/figure>\n\n\n\n<figure class=\"wp-block-image size-large\"><img loading=\"lazy\" decoding=\"async\" width=\"2049\" height=\"1536\" data-id=\"141\" src=\"https:\/\/vitiguru.ch\/wp-content\/uploads\/2022\/05\/AE579316-BB06-4EA7-AC4F-0639149A0635.jpeg\" alt=\"\" class=\"wp-image-141\" srcset=\"https:\/\/vitiguru.ch\/wp-content\/uploads\/2022\/05\/AE579316-BB06-4EA7-AC4F-0639149A0635.jpeg 2049w, https:\/\/vitiguru.ch\/wp-content\/uploads\/2022\/05\/AE579316-BB06-4EA7-AC4F-0639149A0635-300x225.jpeg 300w, https:\/\/vitiguru.ch\/wp-content\/uploads\/2022\/05\/AE579316-BB06-4EA7-AC4F-0639149A0635-1024x768.jpeg 1024w, https:\/\/vitiguru.ch\/wp-content\/uploads\/2022\/05\/AE579316-BB06-4EA7-AC4F-0639149A0635-768x576.jpeg 768w, https:\/\/vitiguru.ch\/wp-content\/uploads\/2022\/05\/AE579316-BB06-4EA7-AC4F-0639149A0635-1536x1151.jpeg 1536w\" sizes=\"auto, (max-width: 767px) 89vw, (max-width: 1000px) 54vw, (max-width: 1071px) 543px, 580px\" \/><\/figure>\n\n\n\n<figure class=\"wp-block-image size-large\"><img loading=\"lazy\" decoding=\"async\" width=\"2049\" height=\"1536\" data-id=\"140\" src=\"https:\/\/vitiguru.ch\/wp-content\/uploads\/2022\/05\/EE8BE16C-EBC8-4671-AC3A-3D41B7827CBD.jpeg\" alt=\"\" class=\"wp-image-140\" srcset=\"https:\/\/vitiguru.ch\/wp-content\/uploads\/2022\/05\/EE8BE16C-EBC8-4671-AC3A-3D41B7827CBD.jpeg 2049w, https:\/\/vitiguru.ch\/wp-content\/uploads\/2022\/05\/EE8BE16C-EBC8-4671-AC3A-3D41B7827CBD-300x225.jpeg 300w, https:\/\/vitiguru.ch\/wp-content\/uploads\/2022\/05\/EE8BE16C-EBC8-4671-AC3A-3D41B7827CBD-1024x768.jpeg 1024w, https:\/\/vitiguru.ch\/wp-content\/uploads\/2022\/05\/EE8BE16C-EBC8-4671-AC3A-3D41B7827CBD-768x576.jpeg 768w, https:\/\/vitiguru.ch\/wp-content\/uploads\/2022\/05\/EE8BE16C-EBC8-4671-AC3A-3D41B7827CBD-1536x1151.jpeg 1536w\" sizes=\"auto, (max-width: 767px) 89vw, (max-width: 1000px) 54vw, (max-width: 1071px) 543px, 580px\" \/><\/figure>\n\n\n\n<figure class=\"wp-block-image size-large\"><img loading=\"lazy\" decoding=\"async\" width=\"2049\" height=\"1536\" data-id=\"139\" src=\"https:\/\/vitiguru.ch\/wp-content\/uploads\/2022\/05\/F01783DD-1D22-418C-924D-48E72B80A795.jpeg\" alt=\"\" class=\"wp-image-139\" srcset=\"https:\/\/vitiguru.ch\/wp-content\/uploads\/2022\/05\/F01783DD-1D22-418C-924D-48E72B80A795.jpeg 2049w, https:\/\/vitiguru.ch\/wp-content\/uploads\/2022\/05\/F01783DD-1D22-418C-924D-48E72B80A795-300x225.jpeg 300w, https:\/\/vitiguru.ch\/wp-content\/uploads\/2022\/05\/F01783DD-1D22-418C-924D-48E72B80A795-1024x768.jpeg 1024w, https:\/\/vitiguru.ch\/wp-content\/uploads\/2022\/05\/F01783DD-1D22-418C-924D-48E72B80A795-768x576.jpeg 768w, https:\/\/vitiguru.ch\/wp-content\/uploads\/2022\/05\/F01783DD-1D22-418C-924D-48E72B80A795-1536x1151.jpeg 1536w\" sizes=\"auto, (max-width: 767px) 89vw, (max-width: 1000px) 54vw, (max-width: 1071px) 543px, 580px\" \/><\/figure>\n\n\n\n<figure class=\"wp-block-image size-large\"><img loading=\"lazy\" decoding=\"async\" width=\"2049\" height=\"1536\" data-id=\"138\" src=\"https:\/\/vitiguru.ch\/wp-content\/uploads\/2022\/05\/BE8FD8F4-6DF9-4952-A187-42F4C451F9CC.jpeg\" alt=\"\" class=\"wp-image-138\" srcset=\"https:\/\/vitiguru.ch\/wp-content\/uploads\/2022\/05\/BE8FD8F4-6DF9-4952-A187-42F4C451F9CC.jpeg 2049w, https:\/\/vitiguru.ch\/wp-content\/uploads\/2022\/05\/BE8FD8F4-6DF9-4952-A187-42F4C451F9CC-300x225.jpeg 300w, https:\/\/vitiguru.ch\/wp-content\/uploads\/2022\/05\/BE8FD8F4-6DF9-4952-A187-42F4C451F9CC-1024x768.jpeg 1024w, https:\/\/vitiguru.ch\/wp-content\/uploads\/2022\/05\/BE8FD8F4-6DF9-4952-A187-42F4C451F9CC-768x576.jpeg 768w, https:\/\/vitiguru.ch\/wp-content\/uploads\/2022\/05\/BE8FD8F4-6DF9-4952-A187-42F4C451F9CC-1536x1151.jpeg 1536w\" sizes=\"auto, (max-width: 767px) 89vw, (max-width: 1000px) 54vw, (max-width: 1071px) 543px, 580px\" \/><\/figure>\n\n\n\n<figure class=\"wp-block-image size-large\"><img loading=\"lazy\" decoding=\"async\" width=\"2049\" height=\"1536\" data-id=\"137\" src=\"https:\/\/vitiguru.ch\/wp-content\/uploads\/2022\/05\/FDCE2B9C-4624-4D64-86DD-C1D5958D0BD7.jpeg\" alt=\"\" class=\"wp-image-137\" srcset=\"https:\/\/vitiguru.ch\/wp-content\/uploads\/2022\/05\/FDCE2B9C-4624-4D64-86DD-C1D5958D0BD7.jpeg 2049w, https:\/\/vitiguru.ch\/wp-content\/uploads\/2022\/05\/FDCE2B9C-4624-4D64-86DD-C1D5958D0BD7-300x225.jpeg 300w, https:\/\/vitiguru.ch\/wp-content\/uploads\/2022\/05\/FDCE2B9C-4624-4D64-86DD-C1D5958D0BD7-1024x768.jpeg 1024w, https:\/\/vitiguru.ch\/wp-content\/uploads\/2022\/05\/FDCE2B9C-4624-4D64-86DD-C1D5958D0BD7-768x576.jpeg 768w, https:\/\/vitiguru.ch\/wp-content\/uploads\/2022\/05\/FDCE2B9C-4624-4D64-86DD-C1D5958D0BD7-1536x1151.jpeg 1536w\" sizes=\"auto, (max-width: 767px) 89vw, (max-width: 1000px) 54vw, (max-width: 1071px) 543px, 580px\" \/><\/figure>\n<\/figure>\n","protected":false},"excerpt":{"rendered":"<p>In Valle Maggia, soprattutto tra Ronchini e Someo, ci sono ancora diversi vigneti tradizionali sviluppati su pergole e filari con i tipici c\u00e0rasc in sasso, posizionati in vigneti terrazzati ai piedi dei versanti. La loro superficie totale \u00e8 di circa 2ha. Per una viticoltura pi\u00f9 sostenibile, l\u2019azienda vitiguru.ch gestisce principalmente vitigni interspecifici, pi\u00f9 resistenti alle &hellip; <\/p>\n<p class=\"link-more\"><a href=\"https:\/\/vitiguru.ch\/?page_id=136\" class=\"more-link\">Leggi tutto<span class=\"screen-reader-text\"> &#8220;Vigneti&#8221;<\/span><\/a><\/p>\n","protected":false},"author":1,"featured_media":0,"parent":0,"menu_order":0,"comment_status":"closed","ping_status":"closed","template":"","meta":{"footnotes":""},"class_list":["post-136","page","type-page","status-publish","hentry"],"_links":{"self":[{"href":"https:\/\/vitiguru.ch\/index.php?rest_route=\/wp\/v2\/pages\/136","targetHints":{"allow":["GET"]}}],"collection":[{"href":"https:\/\/vitiguru.ch\/index.php?rest_route=\/wp\/v2\/pages"}],"about":[{"href":"https:\/\/vitiguru.ch\/index.php?rest_route=\/wp\/v2\/types\/page"}],"author":[{"embeddable":true,"href":"https:\/\/vitiguru.ch\/index.php?rest_route=\/wp\/v2\/users\/1"}],"replies":[{"embeddable":true,"href":"https:\/\/vitiguru.ch\/index.php?rest_route=%2Fwp%2Fv2%2Fcomments&post=136"}],"version-history":[{"count":16,"href":"https:\/\/vitiguru.ch\/index.php?rest_route=\/wp\/v2\/pages\/136\/revisions"}],"predecessor-version":[{"id":254,"href":"https:\/\/vitiguru.ch\/index.php?rest_route=\/wp\/v2\/pages\/136\/revisions\/254"}],"wp:attachment":[{"href":"https:\/\/vitiguru.ch\/index.php?rest_route=%2Fwp%2Fv2%2Fmedia&parent=136"}],"curies":[{"name":"wp","href":"https:\/\/api.w.org\/{rel}","templated":true}]}}